{"id":25,"date":"2016-04-29T23:38:55","date_gmt":"2016-04-29T21:38:55","guid":{"rendered":"https:\/\/stocklot-paper.com\/?page_id=25"},"modified":"2026-03-06T09:34:07","modified_gmt":"2026-03-06T08:34:07","slug":"home","status":"publish","type":"page","link":"https:\/\/stocklot-paper.com\/","title":{"rendered":"Home"},"content":{"rendered":"<div class=\"wpb-content-wrapper\"><p>[vc_row content_placement=&#8221;top&#8221; fluid=&#8221;1&#8243; row_padd=&#8221;no-padding&#8221;][vc_column offset=&#8221;vc_hidden-sm vc_hidden-xs&#8221;][rev_slider_vc alias=&#8221;home3&#8243;][\/vc_column][\/vc_row][vc_row row_padd=&#8221;xs-padding&#8221;][vc_column width=&#8221;1\/3&#8243; offset=&#8221;vc_col-lg-8 vc_col-md-8 vc_col-xs-11&#8243;][vc_widget_sidebar sidebar_id=&#8221;side-2&#8243;][\/vc_column][vc_column width=&#8221;2\/3&#8243;]<h2 class=\"block-head   fx style2\"  data-animate=\"fadeInLeft\"><span>About Us<\/span><\/h2>[vc_column_text]GTP Group was founded in 1996 and from the beginning main field of business was stocklot papers-joblot-excess mills production-warehouse inventory etc.<\/p>\n<p>Our business with global reach allows us to serve customers around the world and deliver to most of the main seaports.<\/p>\n<p>Thanks to our extensive trade contacts in Europe and America, we can offer wide range of goods and meet the expectations of our regular and new customers.<\/p>\n<p>Our prices, below the market process of the papers offered by dealers and representatives of regular production factories, allows customers to reduce the production costs and thus can become more competitive and flexible cost-effective in their markets.<\/p>\n<p>The fastest growing department of our business is currently focused\u00a0 to sell mostly prime overproductions paper where we can offer a regular deliveries A grade stocks which technically do not differ from regular prime production.<\/p>\n<p>We are controlling every load with all the solicitude for the best service. We try to be one of the best and trustworthy supplier in world paper business.<\/p>\n<p><strong>Try us! Join GTP Group!<\/strong><\/p>\n<p>Become our customer or our representative in your country!!![\/vc_column_text]<div class=\"container  \"><div class=\"row\">[vc_column_inner][vc_separator css=&#8221;&#8221;]<h2 class=\"block-head   fx style2\"  data-animate=\"fadeInLeft\"><span>FRAUD ALERT!<\/span><\/h2>[vc_column_text css=&#8221;&#8221;]<\/p>\n<h3>Attention!<\/h3>\n<p>We warn against cooperation with this man, owner of a Peruvian company called Inversiones Generales Jack SAC (RUC 20547975163).<br \/>\nThis scammer is extorting goods and not paying for the goods delivered.<\/p>\n<p>Unfortunately, even many years of experience of our company in the international paper sales market did not protect us from such a senseless mistake as starting cooperation with a fraudster, who turned out to be Yack Araujo Cerron !<\/p>\n<p>We hope this warning protects other suppliers from the mistake GTP made!<\/p>\n<p>\u00a1Atenci\u00f3n! Advertimos contra la cooperaci\u00f3n con este se\u00f1or, due\u00f1o de una empresa peruana llamada Inversiones Generales Jack SAC (RUC 20547975163). Este estafador est\u00e1 extorsionando y no paga por los bienes entregados. Lamentablemente, ni siquiera los muchos a\u00f1os de experiencia de nuestra empresa en el mercado internacional de venta de papel nos protegieron de un error tan insensato como el de empezar a colaborar con un estafador que result\u00f3 ser Yack Araujo Cerron.<\/p>\n<p>\u00a1Esperamos que esta advertencia proteja a otros proveedores del error que cometi\u00f3 GTP!<\/p>\n<p>&nbsp;<\/p>\n<p><img loading=\"lazy\" decoding=\"async\" class=\"alignnone wp-image-5951 size-large\" src=\"https:\/\/stocklot-paper.com\/wp-content\/uploads\/2024\/11\/20241107_130503-1024x793.jpg\" alt=\"\" width=\"1024\" height=\"793\" srcset=\"https:\/\/stocklot-paper.com\/wp-content\/uploads\/2024\/11\/20241107_130503-1024x793.jpg 1024w, https:\/\/stocklot-paper.com\/wp-content\/uploads\/2024\/11\/20241107_130503-300x232.jpg 300w, https:\/\/stocklot-paper.com\/wp-content\/uploads\/2024\/11\/20241107_130503-768x594.jpg 768w, https:\/\/stocklot-paper.com\/wp-content\/uploads\/2024\/11\/20241107_130503-1536x1189.jpg 1536w, https:\/\/stocklot-paper.com\/wp-content\/uploads\/2024\/11\/20241107_130503-2048x1585.jpg 2048w\" sizes=\"auto, (max-width: 1024px) 100vw, 1024px\" \/>[\/vc_column_text][vc_column_text][\/vc_column_text][vc_column_text][\/vc_column_text][\/vc_column_inner]<\/div><\/div><div class=\"container  \"><div class=\"row\">[vc_column_inner][vc_separator css=&#8221;&#8221;]<h4 class=\"block-head   fx style2\"  data-animate=\"fadeInLeft\"><span>BE OUR PARTNER IN YOUR COUNTRY<\/span><\/h4>[vc_column_text css=&#8221;&#8221;]<\/p>\n<h4>If you have experience if you have power in your market for stocklot &#8211; excess inventory &#8211; surplus production and you are interested to be in our group<br \/>\n<span style=\"color: #00ccff;\"><a style=\"color: #00ccff;\" href=\"mailto:office@gtp-group.com?subject=I like to be your partner\">contact us!<\/a><\/span><\/h4>\n<p>[\/vc_column_text][\/vc_column_inner]<\/div><\/div>[\/vc_column][\/vc_row]<\/p>\n<\/div>","protected":false},"excerpt":{"rendered":"<p>[vc_row content_placement=&#8221;top&#8221; fluid=&#8221;1&#8243; row_padd=&#8221;no-padding&#8221;][vc_column offset=&#8221;vc_hidden-sm vc_hidden-xs&#8221;][rev_slider_vc alias=&#8221;home3&#8243;][\/vc_column][\/vc_row][vc_row row_padd=&#8221;xs-padding&#8221;][vc_column width=&#8221;1\/3&#8243; offset=&#8221;vc_col-lg-8 vc_col-md-8 vc_col-xs-11&#8243;][vc_widget_sidebar sidebar_id=&#8221;side-2&#8243;][\/vc_column][vc_column width=&#8221;2\/3&#8243;][vc_column_text]GTP Group was founded in 1996 and from the beginning main field of business was stocklot papers-joblot-excess mills production-warehouse inventory etc. Our business with global reach allows us to serve customers around the world and deliver to most of the main seaports.<\/p>\n<div class=\"wst-more-wrap\"><a class=\"more-link\" href=\"https:\/\/stocklot-paper.com\/\"><span>Read More<\/span><\/a><\/div>\n<p> <a class=\"more-link\" href=\"https:\/\/stocklot-paper.com\/\">Read more<\/a><\/p>\n","protected":false},"author":1,"featured_media":0,"parent":0,"menu_order":1,"comment_status":"closed","ping_status":"closed","template":"home-template.php","meta":{"_exactmetrics_skip_tracking":false,"_exactmetrics_sitenote_active":false,"_exactmetrics_sitenote_note":"","_exactmetrics_sitenote_category":0,"_joinchat":[],"footnotes":""},"class_list":["post-25","page","type-page","status-publish","hentry"],"_links":{"self":[{"href":"https:\/\/stocklot-paper.com\/index.php\/wp-json\/wp\/v2\/pages\/25","targetHints":{"allow":["GET"]}}],"collection":[{"href":"https:\/\/stocklot-paper.com\/index.php\/wp-json\/wp\/v2\/pages"}],"about":[{"href":"https:\/\/stocklot-paper.com\/index.php\/wp-json\/wp\/v2\/types\/page"}],"author":[{"embeddable":true,"href":"https:\/\/stocklot-paper.com\/index.php\/wp-json\/wp\/v2\/users\/1"}],"replies":[{"embeddable":true,"href":"https:\/\/stocklot-paper.com\/index.php\/wp-json\/wp\/v2\/comments?post=25"}],"version-history":[{"count":293,"href":"https:\/\/stocklot-paper.com\/index.php\/wp-json\/wp\/v2\/pages\/25\/revisions"}],"predecessor-version":[{"id":6626,"href":"https:\/\/stocklot-paper.com\/index.php\/wp-json\/wp\/v2\/pages\/25\/revisions\/6626"}],"wp:attachment":[{"href":"https:\/\/stocklot-paper.com\/index.php\/wp-json\/wp\/v2\/media?parent=25"}],"curies":[{"name":"wp","href":"https:\/\/api.w.org\/{rel}","templated":true}]}}